{"id":911,"date":"2018-06-05T19:25:57","date_gmt":"2018-06-05T19:25:57","guid":{"rendered":"http:\/\/md.inmo.cloud\/?page_id=911"},"modified":"2018-06-09T14:26:47","modified_gmt":"2018-06-09T14:26:47","slug":"contact-us","status":"publish","type":"page","link":"https:\/\/mdinternationalestates.com\/es\/contact-us\/","title":{"rendered":"Contacta con MD International Estates"},"content":{"rendered":"\t\t<div data-elementor-type=\"wp-post\" data-elementor-id=\"911\" class=\"elementor elementor-911 elementor-bc-flex-widget\" data-elementor-post-type=\"page\">\n\t\t\t\t\t\t\t\t\t<section class=\"elementor-section elementor-top-section elementor-element elementor-element-1ade1f1 elementor-section-boxed elementor-section-height-default elementor-section-height-default\" data-id=\"1ade1f1\" data-element_type=\"section\">\n\t\t\t\t\t\t<div class=\"elementor-container elementor-column-gap-default\">\n\t\t\t\t\t<div class=\"elementor-column elementor-col-50 elementor-top-column elementor-element elementor-element-e7ae2c9\" data-id=\"e7ae2c9\" data-element_type=\"column\">\n\t\t\t<div class=\"elementor-widget-wrap elementor-element-populated\">\n\t\t\t\t\t\t\t\t<div class=\"elementor-element elementor-element-c8e80d9 elementor-widget elementor-widget-text-editor\" data-id=\"c8e80d9\" data-element_type=\"widget\" data-widget_type=\"text-editor.default\">\n\t\t\t\t<div class=\"elementor-widget-container\">\n\t\t\t\t\t\t\t<p>No dude en ponerse en contacto con nosotros si tiene alguna pregunta o si desea listar su propiedad con nosotros.<\/p><p>En <em><strong>MD International Estates<\/strong><\/em> tenemos una magn\u00edfica selecci\u00f3n de propiedades modernas y contempor\u00e1neas a la venta en Marbella, Benalm\u00e1dena Costa y Mijas Costa, entre otras ubicaciones clave en la <b><i>Costa del Sol.<\/i><\/b>.<\/p><p>As\u00ed que si usted est\u00e1 buscando un apartamento de vacaciones barato o una villa de lujo en la playa, deje que nuestro equipo en <em><strong>MD International Estates<\/strong><\/em> seleccione un portafolio de propiedades para que usted vea que coincidan con sus necesidades exactas.<\/p><p><strong>Direcci\u00f3n:<\/strong>\u00a0Calle Cuesta Correa S\/N<br \/>Urbanizaci\u00f3n Marbesa Marbella <br \/>29604, M\u00e1laga, Espa\u00f1a<br \/><strong>Email:\u00a0<\/strong><a href=\"mailto:mandy@mdinternationalestates.com\">mandy@mdinternationalestates.com<\/a><br \/><strong>Tel:<\/strong> 637359128<\/p>\t\t\t\t\t\t<\/div>\n\t\t\t\t<\/div>\n\t\t\t\t\t<\/div>\n\t\t<\/div>\n\t\t\t\t<div class=\"elementor-column elementor-col-50 elementor-top-column elementor-element elementor-element-54836ea\" data-id=\"54836ea\" data-element_type=\"column\">\n\t\t\t<div class=\"elementor-widget-wrap elementor-element-populated\">\n\t\t\t\t\t\t\t\t<div class=\"elementor-element elementor-element-b598ebb elementor-tabs-view-horizontal elementor-widget elementor-widget-tabs\" data-id=\"b598ebb\" data-element_type=\"widget\" data-widget_type=\"tabs.default\">\n\t\t\t\t<div class=\"elementor-widget-container\">\n\t\t\t\t\t<div class=\"elementor-tabs\">\n\t\t\t<div class=\"elementor-tabs-wrapper\" role=\"tablist\" >\n\t\t\t\t\t\t\t\t\t<div id=\"elementor-tab-title-1901\" class=\"elementor-tab-title elementor-tab-desktop-title\" aria-selected=\"true\" data-tab=\"1\" role=\"tab\" tabindex=\"0\" aria-controls=\"elementor-tab-content-1901\" aria-expanded=\"false\">Cont\u00e1ctanos<\/div>\n\t\t\t\t\t\t\t\t\t<div id=\"elementor-tab-title-1902\" class=\"elementor-tab-title elementor-tab-desktop-title\" aria-selected=\"false\" data-tab=\"2\" role=\"tab\" tabindex=\"-1\" aria-controls=\"elementor-tab-content-1902\" aria-expanded=\"false\">Localizaci\u00f3n en Mapa<\/div>\n\t\t\t\t\t\t\t<\/div>\n\t\t\t<div class=\"elementor-tabs-content-wrapper\" role=\"tablist\" aria-orientation=\"vertical\">\n\t\t\t\t\t\t\t\t\t<div class=\"elementor-tab-title elementor-tab-mobile-title\" aria-selected=\"true\" data-tab=\"1\" role=\"tab\" tabindex=\"0\" aria-controls=\"elementor-tab-content-1901\" aria-expanded=\"false\">Cont\u00e1ctanos<\/div>\n\t\t\t\t\t<div id=\"elementor-tab-content-1901\" class=\"elementor-tab-content elementor-clearfix\" data-tab=\"1\" role=\"tabpanel\" aria-labelledby=\"elementor-tab-title-1901\" tabindex=\"0\" hidden=\"false\"><p>\n<div class=\"wpcf7 no-js\" id=\"wpcf7-f229-o1\" lang=\"en-US\" dir=\"ltr\">\n<div class=\"screen-reader-response\"><p role=\"status\" aria-live=\"polite\" aria-atomic=\"true\"><\/p> <ul><\/ul><\/div>\n<form action=\"\/es\/wp-json\/wp\/v2\/pages\/911#wpcf7-f229-o1\" method=\"post\" class=\"wpcf7-form init\" aria-label=\"Contact form\" novalidate=\"novalidate\" data-status=\"init\">\n<div style=\"display: none;\">\n<input type=\"hidden\" name=\"_wpcf7\" value=\"229\" \/>\n<input type=\"hidden\" name=\"_wpcf7_version\" value=\"5.8.2\" \/>\n<input type=\"hidden\" name=\"_wpcf7_locale\" value=\"en_US\" \/>\n<input type=\"hidden\" name=\"_wpcf7_unit_tag\" value=\"wpcf7-f229-o1\" \/>\n<input type=\"hidden\" name=\"_wpcf7_container_post\" value=\"0\" \/>\n<input type=\"hidden\" name=\"_wpcf7_posted_data_hash\" value=\"\" \/>\n<input type=\"hidden\" name=\"_wpcf7_recaptcha_response\" value=\"\" \/>\n<\/div>\n<p>Your Name (required)<br \/>\n    <div class=\"form-group your-name\"><input class=\"wpcf7-form-control wpcf7-text wpcf7-validates-as-required form-control\" name=\"your-name\" type=\"text\" value=\"\" aria-invalid=\"false\" aria-required=\"true\" required><\/div> <\/p>\n\n<p>Your Email (required)<br \/>\n    <div class=\"form-group your-email\"><input class=\"wpcf7-form-control wpcf7-email wpcf7-validates-as-required wpcf7-text wpcf7-validates-as-email form-control\" name=\"your-email\" type=\"email\" value=\"\" aria-invalid=\"false\" aria-required=\"true\" required><\/div> <\/p>\n\n<p>Subject<br \/>\n    <div class=\"form-group your-subject\"><input class=\"wpcf7-form-control wpcf7-text form-control\" name=\"your-subject\" type=\"text\" value=\"\" aria-invalid=\"false\"><\/div> <\/p>\n\n<p>Your Message<br \/>\n    <div class=\"form-group your-message\"><textarea class=\"wpcf7-form-control wpcf7-textarea form-control\" name=\"your-message\" rows=\"4\" aria-invalid=\"false\"><\/textarea><\/div> <\/p>\n\n<p><div class=\"form-group\"><div><input class=\"wpcf7-form-control wpcf7-submit btn btn-primary\" type=\"submit\" value=\"Send Request\"><\/div><\/div><\/p><div class=\"wpcf7-response-output alert alert-warning\"><\/div>\n<\/form>\n<\/div>\n<\/p><\/div>\n\t\t\t\t\t\t\t\t\t<div class=\"elementor-tab-title elementor-tab-mobile-title\" aria-selected=\"false\" data-tab=\"2\" role=\"tab\" tabindex=\"-1\" aria-controls=\"elementor-tab-content-1902\" aria-expanded=\"false\">Localizaci\u00f3n en Mapa<\/div>\n\t\t\t\t\t<div id=\"elementor-tab-content-1902\" class=\"elementor-tab-content elementor-clearfix\" data-tab=\"2\" role=\"tabpanel\" aria-labelledby=\"elementor-tab-title-1902\" tabindex=\"0\" hidden=\"hidden\"><p><iframe loading=\"lazy\" style=\"border: 0;\" src=\"https:\/\/www.google.com\/maps\/embed?pb=!1m14!1m8!1m3!1d25661.434799894512!2d-4.764164!3d36.48946!3m2!1i1024!2i768!4f13.1!3m3!1m2!1s0xd73205e9c536bef%3A0xb8f3fd1624e0870d!2sUrb.+Marbesa+%26+Calle+Cuesta+Correa%2C+29604+Marbella%2C+M%C3%A1laga%2C+Espa%C3%B1a!5e0!3m2!1ses!2sus!4v1528227290060\" width=\"800\" height=\"600\" frameborder=\"0\" allowfullscreen=\"allowfullscreen\"><\/iframe><\/p><\/div>\n\t\t\t\t\t\t\t<\/div>\n\t\t<\/div>\n\t\t\t\t<\/div>\n\t\t\t\t<\/div>\n\t\t\t\t\t<\/div>\n\t\t<\/div>\n\t\t\t\t\t\t\t<\/div>\n\t\t<\/section>\n\t\t\t\t\t\t\t<\/div>\n\t\t","protected":false},"excerpt":{"rendered":"<p>No dude en ponerse en contacto con nosotros si tiene alguna pregunta o si desea listar su propiedad con nosotros. En MD International Estates tenemos una magn\u00edfica selecci\u00f3n de propiedades modernas y contempor\u00e1neas a la venta en Marbella, Benalm\u00e1dena Costa y Mijas Costa, entre otras ubicaciones clave en la Costa del Sol.. As\u00ed que si <span class=\"moretag\"><a href=\"https:\/\/mdinternationalestates.com\/es\/contact-us\/\">M\u00e1s info<\/a><\/span><\/p>\n","protected":false},"author":1,"featured_media":0,"parent":0,"menu_order":0,"comment_status":"closed","ping_status":"closed","template":"page-tpl-full.php","meta":{"footnotes":""},"_links":{"self":[{"href":"https:\/\/mdinternationalestates.com\/es\/wp-json\/wp\/v2\/pages\/911"}],"collection":[{"href":"https:\/\/mdinternationalestates.com\/es\/wp-json\/wp\/v2\/pages"}],"about":[{"href":"https:\/\/mdinternationalestates.com\/es\/wp-json\/wp\/v2\/types\/page"}],"author":[{"embeddable":true,"href":"https:\/\/mdinternationalestates.com\/es\/wp-json\/wp\/v2\/users\/1"}],"replies":[{"embeddable":true,"href":"https:\/\/mdinternationalestates.com\/es\/wp-json\/wp\/v2\/comments?post=911"}],"version-history":[{"count":11,"href":"https:\/\/mdinternationalestates.com\/es\/wp-json\/wp\/v2\/pages\/911\/revisions"}],"predecessor-version":[{"id":1067,"href":"https:\/\/mdinternationalestates.com\/es\/wp-json\/wp\/v2\/pages\/911\/revisions\/1067"}],"wp:attachment":[{"href":"https:\/\/mdinternationalestates.com\/es\/wp-json\/wp\/v2\/media?parent=911"}],"curies":[{"name":"wp","href":"https:\/\/api.w.org\/{rel}","templated":true}]}}